{"id":20,"date":"2026-03-16T08:38:32","date_gmt":"2026-03-16T08:38:32","guid":{"rendered":"http:\/\/serwer280495.lh.pl\/autoinstalator\/serwer280495.lh.pl\/wordpress155079\/?page_id=20"},"modified":"2026-03-30T13:08:59","modified_gmt":"2026-03-30T13:08:59","slug":"o-mnie","status":"publish","type":"page","link":"https:\/\/soywishes.pl\/index.php\/o-mnie\/","title":{"rendered":"o mnie"},"content":{"rendered":"\t\t<div data-elementor-type=\"wp-page\" data-elementor-id=\"20\" class=\"elementor elementor-20\">\n\t\t\t\t<div class=\"elementor-element elementor-element-661f04a e-flex e-con-boxed e-con e-parent\" data-id=\"661f04a\" data-element_type=\"container\" data-e-type=\"container\">\n\t\t\t\t\t<div class=\"e-con-inner\">\n\t\t\t\t<div class=\"elementor-element elementor-element-540a3ec elementor-widget elementor-widget-html\" data-id=\"540a3ec\" data-element_type=\"widget\" data-e-type=\"widget\" data-widget_type=\"html.default\">\n\t\t\t\t\t<section class=\"sw-about-page\">\n\n<div class=\"sw-about-hero\">\n\n<img decoding=\"async\" src=\"https:\/\/soywishes.pl\/wp-content\/uploads\/2026\/03\/IMG_2040-scaled.jpeg\">\n\n<div class=\"sw-about-hero-content\">\n\n<h1>Soy Wishes<\/h1>\n\n<p>Naturalne \u015bwiece sojowe tworzone z pasj\u0105<\/p>\n\n<\/div>\n\n<\/div>\n\n\n<div class=\"sw-about-container\">\n\n<div class=\"sw-about-grid\">\n\n<div class=\"sw-about-text\">\n\n<h2>O marce<\/h2>\n\n<p>\nSoy Wishes to miejsce, gdzie z pasj\u0105 i pe\u0142nym zaanga\u017cowaniem\ntworzymy naturalne produkty z wosku sojowego.\n<\/p>\n\n<p>\nZ najwi\u0119ksz\u0105 staranno\u015bci\u0105 produkujemy r\u0119cznie flowerboxy ze \u015bwiec sojowych,\ngdzie zapach \u0142\u0105czy si\u0119 z niezwyk\u0142\u0105 form\u0105, kt\u00f3ra stanowi idealny prezent\nna wszelkiego rodzaju okazje.\n<\/p>\n\n<p>\nPowstaj\u0105 tu r\u00f3wnie\u017c personalizowane podzi\u0119kowania dla go\u015bci\nw postaci niewielkich \u015bwiec lub wosk\u00f3w zapachowych,\nkt\u00f3re doskonale sprawdzaj\u0105 si\u0119 podczas \u015blub\u00f3w,\nchrzcin czy komunii.\n<\/p>\n\n<p>\nNasze \u015bwiece w szkle wnosz\u0105 atmosfer\u0119 relaksu i ciep\u0142o do ka\u017cdego domu,\na dzi\u0119ki personalizacji staj\u0105 si\u0119 wyj\u0105tkowym upominkiem\ndla bliskich os\u00f3b.\n<\/p>\n\n<\/div>\n\n\n<div class=\"sw-about-image\">\n\n<img decoding=\"async\" src=\"https:\/\/soywishes.pl\/wp-content\/uploads\/2026\/03\/IMG_0488-scaled.jpeg\">\n\n<\/div>\n\n<\/div>\n\n\n<div class=\"sw-about-values\">\n\n<h2>Dlaczego nasze \u015bwiece<\/h2>\n\n<div class=\"sw-values-grid\">\n\n<div class=\"sw-value\">\n\n<h3>Naturalny wosk sojowy<\/h3>\n\n<p>\nTworzymy \u015bwiece z wysokiej jako\u015bci wosku sojowego,\nkt\u00f3ry jest bezpieczny i przyjazny dla \u015brodowiska.\n<\/p>\n\n<\/div>\n\n\n<div class=\"sw-value\">\n\n<h3>R\u0119czna produkcja<\/h3>\n\n<p>\nKa\u017cdy produkt powstaje r\u0119cznie z dba\u0142o\u015bci\u0105 o detale,\nestetyk\u0119 oraz wyj\u0105tkowy zapach.\n<\/p>\n\n<\/div>\n\n\n<div class=\"sw-value\">\n\n<h3>Personalizacja<\/h3>\n\n<p>\nTworzymy \u015bwiece idealne na prezent\noraz wyj\u0105tkowe podzi\u0119kowania dla go\u015bci.\n<\/p>\n\n<\/div>\n\n<\/div>\n\n<\/div>\n\n\n<div class=\"sw-about-cta\">\n\n<h2>Odkryj nasze \u015bwiece<\/h2>\n\n<a href=\"https:\/\/soywishes.pl\/index.php\/sklep\/\">Przejd\u017a do sklepu<\/a>\n\n<\/div>\n\n<\/div>\n\n\n<style>\n\n.sw-about-page{\nbackground:#F7F3EF;\nfont-family:inherit;\n}\n\n.sw-about-hero{\nposition:relative;\nheight:420px;\noverflow:hidden;\n}\n\n.sw-about-hero img{\nwidth:100%;\nheight:100%;\nobject-fit:cover;\n}\n\n.sw-about-hero-content{\nposition:absolute;\ntop:50%;\nleft:50%;\ntransform:translate(-50%,-50%);\ntext-align:center;\ncolor:#fff;\n}\n\n.sw-about-hero-content h1{\nfont-family:'Playfair Display',serif;\nfont-size:60px;\nmargin-bottom:10px;\n}\n\n.sw-about-hero-content p{\nfont-size:20px;\nletter-spacing:.05em;\n}\n\n.sw-about-container{\nmax-width:1200px;\nmargin:auto;\npadding:100px 20px;\n}\n\n.sw-about-grid{\ndisplay:grid;\ngrid-template-columns:1fr 1fr;\ngap:60px;\nalign-items:center;\nmargin-bottom:100px;\n}\n\n.sw-about-text h2{\nfont-family:'Playfair Display',serif;\nfont-size:40px;\nmargin-bottom:20px;\ncolor:#3F3A36;\n}\n\n.sw-about-text p{\nline-height:1.8;\nmargin-bottom:16px;\ncolor:#6F675F;\n}\n\n.sw-about-image img{\nwidth:100%;\nborder-radius:18px;\nbox-shadow:0 25px 50px rgba(0,0,0,0.08);\n}\n\n.sw-about-values{\ntext-align:center;\nmargin-bottom:100px;\n}\n\n.sw-about-values h2{\nfont-family:'Playfair Display',serif;\nfont-size:40px;\nmargin-bottom:50px;\n}\n\n.sw-values-grid{\ndisplay:grid;\ngrid-template-columns:repeat(3,1fr);\ngap:40px;\n}\n\n.sw-value h3{\nfont-size:18px;\nmargin-bottom:12px;\ncolor:#3F3A36;\n}\n\n.sw-value p{\ncolor:#6F675F;\nline-height:1.7;\n}\n\n.sw-about-cta{\ntext-align:center;\n}\n\n.sw-about-cta h2{\nfont-family:'Playfair Display',serif;\nfont-size:38px;\nmargin-bottom:30px;\n}\n\n.sw-about-cta a{\ndisplay:inline-block;\npadding:14px 30px;\nborder:1px solid #C9A46B;\nborder-radius:30px;\ntext-decoration:none;\ncolor:#3F3A36;\nletter-spacing:.08em;\ntransition:.25s;\n}\n\n.sw-about-cta a:hover{\nbackground:#C9A46B;\ncolor:#fff;\n}\n\n@media (max-width:900px){\n\n.sw-about-grid{\ngrid-template-columns:1fr;\ngap:40px;\n}\n\n.sw-values-grid{\ngrid-template-columns:1fr;\n}\n\n.sw-about-hero-content h1{\nfont-size:40px;\n}\n\n}\n\n<\/style>\n\n<\/section>\t\t\t\t<\/div>\n\t\t\t\t\t<\/div>\n\t\t\t\t<\/div>\n\t\t\t\t<\/div>\n\t\t","protected":false},"excerpt":{"rendered":"<p>Soy Wishes Naturalne \u015bwiece sojowe tworzone z pasj\u0105 O marce Soy Wishes to miejsce, gdzie z pasj\u0105 i pe\u0142nym zaanga\u017cowaniem [&hellip;]<\/p>\n","protected":false},"author":1,"featured_media":0,"parent":0,"menu_order":0,"comment_status":"closed","ping_status":"closed","template":"","meta":{"site-sidebar-layout":"no-sidebar","site-content-layout":"","ast-site-content-layout":"full-width-container","site-content-style":"default","site-sidebar-style":"default","ast-global-header-display":"","ast-banner-title-visibility":"","ast-main-header-display":"","ast-hfb-above-header-display":"","ast-hfb-below-header-display":"","ast-hfb-mobile-header-display":"","site-post-title":"disabled","ast-breadcrumbs-content":"","ast-featured-img":"disabled","footer-sml-layout":"","ast-disable-related-posts":"","theme-transparent-header-meta":"","adv-header-id-meta":"","stick-header-meta":"","header-above-stick-meta":"","header-main-stick-meta":"","header-below-stick-meta":"","astra-migrate-meta-layouts":"default","ast-page-background-enabled":"default","ast-page-background-meta":{"desktop":{"background-color":"var(--ast-global-color-5)","background-image":"","background-repeat":"repeat","background-position":"center center","background-size":"auto","background-attachment":"scroll","background-type":"","background-media":"","overlay-type":"","overlay-color":"","overlay-opacity":"","overlay-gradient":""},"tablet":{"background-color":"","background-image":"","background-repeat":"repeat","background-position":"center center","background-size":"auto","background-attachment":"scroll","background-type":"","background-media":"","overlay-type":"","overlay-color":"","overlay-opacity":"","overlay-gradient":""},"mobile":{"background-color":"","background-image":"","background-repeat":"repeat","background-position":"center center","background-size":"auto","background-attachment":"scroll","background-type":"","background-media":"","overlay-type":"","overlay-color":"","overlay-opacity":"","overlay-gradient":""}},"ast-content-background-meta":{"desktop":{"background-color":"var(--ast-global-color-4)","background-image":"","background-repeat":"repeat","background-position":"center center","background-size":"auto","background-attachment":"scroll","background-type":"","background-media":"","overlay-type":"","overlay-color":"","overlay-opacity":"","overlay-gradient":""},"tablet":{"background-color":"var(--ast-global-color-4)","background-image":"","background-repeat":"repeat","background-position":"center center","background-size":"auto","background-attachment":"scroll","background-type":"","background-media":"","overlay-type":"","overlay-color":"","overlay-opacity":"","overlay-gradient":""},"mobile":{"background-color":"var(--ast-global-color-4)","background-image":"","background-repeat":"repeat","background-position":"center center","background-size":"auto","background-attachment":"scroll","background-type":"","background-media":"","overlay-type":"","overlay-color":"","overlay-opacity":"","overlay-gradient":""}},"footnotes":""},"class_list":["post-20","page","type-page","status-publish","hentry"],"yoast_head":"<!-- This site is optimized with the Yoast SEO plugin v27.2 - https:\/\/yoast.com\/product\/yoast-seo-wordpress\/ -->\n<title>o mnie - Sojowe \u017byczenia<\/title>\n<meta name=\"robots\" content=\"index, follow, max-snippet:-1, max-image-preview:large, max-video-preview:-1\" \/>\n<link rel=\"canonical\" href=\"https:\/\/soywishes.pl\/index.php\/o-mnie\/\" \/>\n<meta property=\"og:locale\" content=\"pl_PL\" \/>\n<meta property=\"og:type\" content=\"article\" \/>\n<meta property=\"og:title\" content=\"o mnie - Sojowe \u017byczenia\" \/>\n<meta property=\"og:description\" content=\"Soy Wishes Naturalne \u015bwiece sojowe tworzone z pasj\u0105 O marce Soy Wishes to miejsce, gdzie z pasj\u0105 i pe\u0142nym zaanga\u017cowaniem [&hellip;]\" \/>\n<meta property=\"og:url\" content=\"https:\/\/soywishes.pl\/index.php\/o-mnie\/\" \/>\n<meta property=\"og:site_name\" content=\"Sojowe \u017byczenia\" \/>\n<meta property=\"article:publisher\" content=\"https:\/\/www.instagram.com\/soy_wishes\/\" \/>\n<meta property=\"article:modified_time\" content=\"2026-03-30T13:08:59+00:00\" \/>\n<meta property=\"og:image\" content=\"https:\/\/soywishes.pl\/wp-content\/uploads\/2026\/03\/IMG_2040-scaled.jpeg\" \/>\n<meta name=\"twitter:card\" content=\"summary_large_image\" \/>\n<meta name=\"twitter:label1\" content=\"Szacowany czas czytania\" \/>\n\t<meta name=\"twitter:data1\" content=\"2 minuty\" \/>\n<script type=\"application\/ld+json\" class=\"yoast-schema-graph\">{\"@context\":\"https:\/\/schema.org\",\"@graph\":[{\"@type\":\"WebPage\",\"@id\":\"https:\/\/soywishes.pl\/index.php\/o-mnie\/\",\"url\":\"https:\/\/soywishes.pl\/index.php\/o-mnie\/\",\"name\":\"o mnie - Sojowe \u017byczenia\",\"isPartOf\":{\"@id\":\"https:\/\/soywishes.pl\/#website\"},\"primaryImageOfPage\":{\"@id\":\"https:\/\/soywishes.pl\/index.php\/o-mnie\/#primaryimage\"},\"image\":{\"@id\":\"https:\/\/soywishes.pl\/index.php\/o-mnie\/#primaryimage\"},\"thumbnailUrl\":\"https:\/\/soywishes.pl\/wp-content\/uploads\/2026\/03\/IMG_2040-scaled.jpeg\",\"datePublished\":\"2026-03-16T08:38:32+00:00\",\"dateModified\":\"2026-03-30T13:08:59+00:00\",\"breadcrumb\":{\"@id\":\"https:\/\/soywishes.pl\/index.php\/o-mnie\/#breadcrumb\"},\"inLanguage\":\"pl-PL\",\"potentialAction\":[{\"@type\":\"ReadAction\",\"target\":[\"https:\/\/soywishes.pl\/index.php\/o-mnie\/\"]}]},{\"@type\":\"ImageObject\",\"inLanguage\":\"pl-PL\",\"@id\":\"https:\/\/soywishes.pl\/index.php\/o-mnie\/#primaryimage\",\"url\":\"https:\/\/soywishes.pl\/wp-content\/uploads\/2026\/03\/IMG_2040-scaled.jpeg\",\"contentUrl\":\"https:\/\/soywishes.pl\/wp-content\/uploads\/2026\/03\/IMG_2040-scaled.jpeg\",\"width\":1920,\"height\":2560},{\"@type\":\"BreadcrumbList\",\"@id\":\"https:\/\/soywishes.pl\/index.php\/o-mnie\/#breadcrumb\",\"itemListElement\":[{\"@type\":\"ListItem\",\"position\":1,\"name\":\"Strona g\u0142\u00f3wna\",\"item\":\"https:\/\/soywishes.pl\/\"},{\"@type\":\"ListItem\",\"position\":2,\"name\":\"o mnie\"}]},{\"@type\":\"WebSite\",\"@id\":\"https:\/\/soywishes.pl\/#website\",\"url\":\"https:\/\/soywishes.pl\/\",\"name\":\"Sojowe \u017byczenia\",\"description\":\"\",\"publisher\":{\"@id\":\"https:\/\/soywishes.pl\/#organization\"},\"potentialAction\":[{\"@type\":\"SearchAction\",\"target\":{\"@type\":\"EntryPoint\",\"urlTemplate\":\"https:\/\/soywishes.pl\/?s={search_term_string}\"},\"query-input\":{\"@type\":\"PropertyValueSpecification\",\"valueRequired\":true,\"valueName\":\"search_term_string\"}}],\"inLanguage\":\"pl-PL\"},{\"@type\":\"Organization\",\"@id\":\"https:\/\/soywishes.pl\/#organization\",\"name\":\"Sojowe \u017byczenia\",\"url\":\"https:\/\/soywishes.pl\/\",\"logo\":{\"@type\":\"ImageObject\",\"inLanguage\":\"pl-PL\",\"@id\":\"https:\/\/soywishes.pl\/#\/schema\/logo\/image\/\",\"url\":\"https:\/\/soywishes.pl\/wp-content\/uploads\/2026\/03\/cropped-Zlote-logo-SOYWISHES-z-napisem-Handmade.png\",\"contentUrl\":\"https:\/\/soywishes.pl\/wp-content\/uploads\/2026\/03\/cropped-Zlote-logo-SOYWISHES-z-napisem-Handmade.png\",\"width\":1024,\"height\":342,\"caption\":\"Sojowe \u017byczenia\"},\"image\":{\"@id\":\"https:\/\/soywishes.pl\/#\/schema\/logo\/image\/\"},\"sameAs\":[\"https:\/\/www.instagram.com\/soy_wishes\/\"]}]}<\/script>\n<!-- \/ Yoast SEO plugin. -->","yoast_head_json":{"title":"o mnie - Sojowe \u017byczenia","robots":{"index":"index","follow":"follow","max-snippet":"max-snippet:-1","max-image-preview":"max-image-preview:large","max-video-preview":"max-video-preview:-1"},"canonical":"https:\/\/soywishes.pl\/index.php\/o-mnie\/","og_locale":"pl_PL","og_type":"article","og_title":"o mnie - Sojowe \u017byczenia","og_description":"Soy Wishes Naturalne \u015bwiece sojowe tworzone z pasj\u0105 O marce Soy Wishes to miejsce, gdzie z pasj\u0105 i pe\u0142nym zaanga\u017cowaniem [&hellip;]","og_url":"https:\/\/soywishes.pl\/index.php\/o-mnie\/","og_site_name":"Sojowe \u017byczenia","article_publisher":"https:\/\/www.instagram.com\/soy_wishes\/","article_modified_time":"2026-03-30T13:08:59+00:00","og_image":[{"url":"https:\/\/soywishes.pl\/wp-content\/uploads\/2026\/03\/IMG_2040-scaled.jpeg","type":"","width":"","height":""}],"twitter_card":"summary_large_image","twitter_misc":{"Szacowany czas czytania":"2 minuty"},"schema":{"@context":"https:\/\/schema.org","@graph":[{"@type":"WebPage","@id":"https:\/\/soywishes.pl\/index.php\/o-mnie\/","url":"https:\/\/soywishes.pl\/index.php\/o-mnie\/","name":"o mnie - Sojowe \u017byczenia","isPartOf":{"@id":"https:\/\/soywishes.pl\/#website"},"primaryImageOfPage":{"@id":"https:\/\/soywishes.pl\/index.php\/o-mnie\/#primaryimage"},"image":{"@id":"https:\/\/soywishes.pl\/index.php\/o-mnie\/#primaryimage"},"thumbnailUrl":"https:\/\/soywishes.pl\/wp-content\/uploads\/2026\/03\/IMG_2040-scaled.jpeg","datePublished":"2026-03-16T08:38:32+00:00","dateModified":"2026-03-30T13:08:59+00:00","breadcrumb":{"@id":"https:\/\/soywishes.pl\/index.php\/o-mnie\/#breadcrumb"},"inLanguage":"pl-PL","potentialAction":[{"@type":"ReadAction","target":["https:\/\/soywishes.pl\/index.php\/o-mnie\/"]}]},{"@type":"ImageObject","inLanguage":"pl-PL","@id":"https:\/\/soywishes.pl\/index.php\/o-mnie\/#primaryimage","url":"https:\/\/soywishes.pl\/wp-content\/uploads\/2026\/03\/IMG_2040-scaled.jpeg","contentUrl":"https:\/\/soywishes.pl\/wp-content\/uploads\/2026\/03\/IMG_2040-scaled.jpeg","width":1920,"height":2560},{"@type":"BreadcrumbList","@id":"https:\/\/soywishes.pl\/index.php\/o-mnie\/#breadcrumb","itemListElement":[{"@type":"ListItem","position":1,"name":"Strona g\u0142\u00f3wna","item":"https:\/\/soywishes.pl\/"},{"@type":"ListItem","position":2,"name":"o mnie"}]},{"@type":"WebSite","@id":"https:\/\/soywishes.pl\/#website","url":"https:\/\/soywishes.pl\/","name":"Sojowe \u017byczenia","description":"","publisher":{"@id":"https:\/\/soywishes.pl\/#organization"},"potentialAction":[{"@type":"SearchAction","target":{"@type":"EntryPoint","urlTemplate":"https:\/\/soywishes.pl\/?s={search_term_string}"},"query-input":{"@type":"PropertyValueSpecification","valueRequired":true,"valueName":"search_term_string"}}],"inLanguage":"pl-PL"},{"@type":"Organization","@id":"https:\/\/soywishes.pl\/#organization","name":"Sojowe \u017byczenia","url":"https:\/\/soywishes.pl\/","logo":{"@type":"ImageObject","inLanguage":"pl-PL","@id":"https:\/\/soywishes.pl\/#\/schema\/logo\/image\/","url":"https:\/\/soywishes.pl\/wp-content\/uploads\/2026\/03\/cropped-Zlote-logo-SOYWISHES-z-napisem-Handmade.png","contentUrl":"https:\/\/soywishes.pl\/wp-content\/uploads\/2026\/03\/cropped-Zlote-logo-SOYWISHES-z-napisem-Handmade.png","width":1024,"height":342,"caption":"Sojowe \u017byczenia"},"image":{"@id":"https:\/\/soywishes.pl\/#\/schema\/logo\/image\/"},"sameAs":["https:\/\/www.instagram.com\/soy_wishes\/"]}]}},"_links":{"self":[{"href":"https:\/\/soywishes.pl\/index.php\/wp-json\/wp\/v2\/pages\/20","targetHints":{"allow":["GET"]}}],"collection":[{"href":"https:\/\/soywishes.pl\/index.php\/wp-json\/wp\/v2\/pages"}],"about":[{"href":"https:\/\/soywishes.pl\/index.php\/wp-json\/wp\/v2\/types\/page"}],"author":[{"embeddable":true,"href":"https:\/\/soywishes.pl\/index.php\/wp-json\/wp\/v2\/users\/1"}],"replies":[{"embeddable":true,"href":"https:\/\/soywishes.pl\/index.php\/wp-json\/wp\/v2\/comments?post=20"}],"version-history":[{"count":8,"href":"https:\/\/soywishes.pl\/index.php\/wp-json\/wp\/v2\/pages\/20\/revisions"}],"predecessor-version":[{"id":121,"href":"https:\/\/soywishes.pl\/index.php\/wp-json\/wp\/v2\/pages\/20\/revisions\/121"}],"wp:attachment":[{"href":"https:\/\/soywishes.pl\/index.php\/wp-json\/wp\/v2\/media?parent=20"}],"curies":[{"name":"wp","href":"https:\/\/api.w.org\/{rel}","templated":true}]}}